{"id":4993,"date":"2019-01-10T17:53:51","date_gmt":"2019-01-10T17:53:51","guid":{"rendered":"http:\/\/www.grupobilbu.es\/?page_id=4993"},"modified":"2024-05-17T11:54:53","modified_gmt":"2024-05-17T11:54:53","slug":"el-grupo-bilbu","status":"publish","type":"page","link":"https:\/\/www.grupobilbu.es\/grupo-bilbu\/el-grupo-bilbu\/","title":{"rendered":"El Grupo Bilbu"},"content":{"rendered":"<p>[vc_row][vc_column width=\u00bb1\/4&#8243;][vc_empty_space][\/vc_column][vc_column width=\u00bb1\/2&#8243;][vc_empty_space][\/vc_column][vc_column width=\u00bb1\/4&#8243;][vc_empty_space][\/vc_column][\/vc_row][vc_row][vc_column width=\u00bb1\/2&#8243;][vc_empty_space][vc_column_text]<\/p>\n<p style=\"text-align: justify;\">Desde sus comienzos en 1963, Bilbu se ha caracterizado por ser una empresa innovadora y preocupada por la mejora diaria de sus servicios, ampliando progresivamente su \u00e1rea de actuaci\u00f3n,&nbsp; primero en Gipuzkoa, posteriormente en La Rioja y recientemente en Navarra, Salamanca y Valladolid.<\/p>\n<p>[\/vc_column_text][vc_column_text]<\/p>\n<p style=\"text-align: justify;\">Actualmente, el Grupo Bilbu opera en las citadas zonas a trav\u00e9s de distintas marcas: Bilbu en Bizkaia, Larogei en Gipuzkoa, Bilcon en La Rioja, Navagres en Navarra y Expocer\u00e1mica en Valladolid y Salamanca, todas ellas bajo el paraguas y la marca Grupo Bilbu.<\/p>\n<p style=\"text-align: justify;\">En estos momentos contamos con un equipo humano cercano a las cien personas, diez exposiciones y m\u00e1s de quince mil metros cuadrados de almac\u00e9n, repartidos entre nuestras distintas latitudes.<\/p>\n<p>[\/vc_column_text][vc_empty_space][\/vc_column][vc_column width=\u00bb1\/2&#8243;][vc_empty_space][vc_column_text]<\/p>\n<p style=\"text-align: justify;\">Las exposiciones del Grupo, as\u00ed como los miembros de nuestro equipo comercial, constituyen el punto de contacto directo con nuestros clientes, poni\u00e9ndonos a su entera disposici\u00f3n.<\/p>\n<p style=\"text-align: justify;\">Durante todos estos m\u00e1s de sesenta a\u00f1os de continuo esfuerzo y crecimiento, el Grupo Bilbu ha mostrado un constante empe\u00f1o en reforzar su imagen y filosof\u00eda de calidad, dise\u00f1o e innovaci\u00f3n, convirti\u00e9ndose, en definitiva, en su sello de identidad.<\/p>\n<p style=\"text-align: justify;\">Como consecuencia de esta filosof\u00eda, los servicios y productos del grupo Bilbu no han dejado de crecer a lo largo de su historia. Actualmente, el Grupo Bilbu cuenta con una amplia gama de productos, apostando siempre por los materiales de la m\u00e1s alta calidad en combinaci\u00f3n con los dise\u00f1os m\u00e1s innovadores y exclusivos.<\/p>\n<p>[\/vc_column_text][vc_empty_space height=\u00bb50px\u00bb][\/vc_column][\/vc_row][vc_row][vc_column][vc_column_text]<\/p>\n<h3 style=\"text-align: center;\">Empresas del Grupo<\/h3>\n<p>[\/vc_column_text][vc_empty_space][vc_row_inner disable_element=\u00bbyes\u00bb][vc_column_inner width=\u00bb1\/4&#8243;][vc_single_image image=\u00bb5150&#8243; img_size=\u00bbfull\u00bb alignment=\u00bbcenter\u00bb css_animation=\u00bbfadeIn\u00bb][vc_single_image image=\u00bb5021&#8243; img_size=\u00bbfull\u00bb alignment=\u00bbcenter\u00bb css_animation=\u00bbfadeIn\u00bb][\/vc_column_inner][vc_column_inner width=\u00bb1\/4&#8243;][vc_single_image image=\u00bb5151&#8243; img_size=\u00bbfull\u00bb alignment=\u00bbcenter\u00bb css_animation=\u00bbfadeIn\u00bb][vc_single_image image=\u00bb5023&#8243; img_size=\u00bbfull\u00bb alignment=\u00bbcenter\u00bb css_animation=\u00bbfadeIn\u00bb][\/vc_column_inner][vc_column_inner width=\u00bb1\/4&#8243;][vc_single_image image=\u00bb5152&#8243; img_size=\u00bbfull\u00bb alignment=\u00bbcenter\u00bb css_animation=\u00bbfadeIn\u00bb][vc_single_image image=\u00bb5024&#8243; img_size=\u00bbfull\u00bb alignment=\u00bbcenter\u00bb css_animation=\u00bbfadeIn\u00bb][\/vc_column_inner][vc_column_inner width=\u00bb1\/4&#8243;][vc_single_image image=\u00bb5153&#8243; img_size=\u00bbfull\u00bb alignment=\u00bbcenter\u00bb css_animation=\u00bbfadeIn\u00bb][vc_single_image image=\u00bb5022&#8243; img_size=\u00bbfull\u00bb alignment=\u00bbcenter\u00bb css_animation=\u00bbfadeIn\u00bb][\/vc_column_inner][\/vc_row_inner][vc_row_inner][vc_column_inner width=\u00bb1\/5&#8243;][vc_single_image image=\u00bb5021&#8243; img_size=\u00bbfull\u00bb alignment=\u00bbcenter\u00bb css_animation=\u00bbfadeIn\u00bb][\/vc_column_inner][vc_column_inner width=\u00bb1\/5&#8243;][vc_single_image image=\u00bb5023&#8243; img_size=\u00bbfull\u00bb alignment=\u00bbcenter\u00bb css_animation=\u00bbfadeIn\u00bb][\/vc_column_inner][vc_column_inner width=\u00bb1\/5&#8243;][vc_single_image image=\u00bb5022&#8243; img_size=\u00bbfull\u00bb alignment=\u00bbcenter\u00bb css_animation=\u00bbfadeIn\u00bb][\/vc_column_inner][vc_column_inner width=\u00bb1\/5&#8243;][vc_single_image image=\u00bb5024&#8243; img_size=\u00bbfull\u00bb alignment=\u00bbcenter\u00bb css_animation=\u00bbfadeIn\u00bb][\/vc_column_inner][vc_column_inner width=\u00bb1\/5&#8243;][vc_single_image image=\u00bb11008&#8243; img_size=\u00bbfull\u00bb alignment=\u00bbcenter\u00bb css_animation=\u00bbfadeIn\u00bb][\/vc_column_inner][\/vc_row_inner][\/vc_column][\/vc_row]<\/p>\n<!-- AddThis Advanced Settings generic via filter on the_content --><!-- AddThis Share Buttons generic via filter on the_content -->","protected":false},"excerpt":{"rendered":"<p>[vc_row][vc_column width=\u00bb1\/4&#8243;][vc_empty_space][\/vc_column][vc_column width=\u00bb1\/2&#8243;][vc_empty_space][\/vc_column][vc_column width=\u00bb1\/4&#8243;][vc_empty_space][\/vc_column][\/vc_row][vc_row][vc_column width=\u00bb1\/2&#8243;][vc_empty_space][vc_column_text] Desde sus comienzos en 1963, Bilbu se ha caracterizado por ser una empresa innovadora y&#8230;<!-- AddThis Advanced Settings generic via filter on get_the_excerpt --><!-- AddThis Share Buttons generic via filter on get_the_excerpt --><\/p>\n","protected":false},"author":1,"featured_media":0,"parent":0,"menu_order":0,"comment_status":"closed","ping_status":"closed","template":"","meta":{"ngg_post_thumbnail":0},"_links":{"self":[{"href":"https:\/\/www.grupobilbu.es\/grupo-bilbu\/wp-json\/wp\/v2\/pages\/4993"}],"collection":[{"href":"https:\/\/www.grupobilbu.es\/grupo-bilbu\/wp-json\/wp\/v2\/pages"}],"about":[{"href":"https:\/\/www.grupobilbu.es\/grupo-bilbu\/wp-json\/wp\/v2\/types\/page"}],"author":[{"embeddable":true,"href":"https:\/\/www.grupobilbu.es\/grupo-bilbu\/wp-json\/wp\/v2\/users\/1"}],"replies":[{"embeddable":true,"href":"https:\/\/www.grupobilbu.es\/grupo-bilbu\/wp-json\/wp\/v2\/comments?post=4993"}],"version-history":[{"count":33,"href":"https:\/\/www.grupobilbu.es\/grupo-bilbu\/wp-json\/wp\/v2\/pages\/4993\/revisions"}],"predecessor-version":[{"id":12118,"href":"https:\/\/www.grupobilbu.es\/grupo-bilbu\/wp-json\/wp\/v2\/pages\/4993\/revisions\/12118"}],"wp:attachment":[{"href":"https:\/\/www.grupobilbu.es\/grupo-bilbu\/wp-json\/wp\/v2\/media?parent=4993"}],"curies":[{"name":"wp","href":"https:\/\/api.w.org\/{rel}","templated":true}]}}