{"id":4697,"date":"2018-12-13T12:12:26","date_gmt":"2018-12-13T12:12:26","guid":{"rendered":"http:\/\/www.grupobilbu.es\/?page_id=4697"},"modified":"2022-04-18T11:10:44","modified_gmt":"2022-04-18T11:10:44","slug":"politica-de-cookies","status":"publish","type":"page","link":"https:\/\/www.grupobilbu.es\/grupo-bilbu\/politica-de-cookies\/","title":{"rendered":"Pol\u00edtica de Cookies"},"content":{"rendered":"<p>[vc_row][vc_column css=\u00bb.vc_custom_1544703680186{margin-right: 50px !important;margin-left: 50px !important;}\u00bb][vc_column_text]<\/p>\n<h2 style=\"text-align: justify;\">Pol\u00edtica de Cookies<\/h2>\n<p style=\"text-align: justify;\"><strong>Concepto de Cookies<\/strong><\/p>\n<p style=\"text-align: justify;\">Las cookies constituyen una herramienta empleada por los servidores Web para almacenar y recuperar informaci\u00f3n acerca de sus visitantes o usuarios. No es m\u00e1s que un fichero de texto que algunos servidores instalan durante la navegaci\u00f3n y que permiten conocer informaci\u00f3n como por ejemplo: el lugar desde el que accede, el tiempo de conexi\u00f3n, el dispositivo desde el que accede (fijo o m\u00f3vil), el sistema operativo y navegador utilizados, las p\u00e1ginas m\u00e1s visitadas, el n\u00famero de click realizados y de datos respecto al comportamiento del usuario en Internet. No proporcionan referencias que permitan deducir el nombre y apellidos del usuario y no pueden leer datos de su disco duro ni incluir virus en sus equipos. Asimismo, no puede leer las cookies implantadas en el disco duro del usuario desde otros servidores.<\/p>\n<p style=\"text-align: justify;\"><strong>\u00bfPor qu\u00e9 son importantes?<\/strong><\/p>\n<p style=\"text-align: justify;\">El sitio web es accesible sin necesidad de que las cookies est\u00e9n activadas, si bien, su desactivaci\u00f3n puede impedir su funcionamiento correcto.<\/p>\n<p style=\"text-align: justify;\">Desde un punto de vista t\u00e9cnico las cookies permiten que los sitios web funcionen de forma m\u00e1s \u00e1gil y adaptada a las preferencias de los usuarios, como por ejemplo almacenar el idioma, la moneda del pa\u00eds o detectar el dispositivo de acceso.<\/p>\n<p style=\"text-align: justify;\">Establecen niveles de protecci\u00f3n y seguridad que Impiden o dificultan ciberataques contra el sitio web o sus usuarios.<\/p>\n<p style=\"text-align: justify;\">Permiten que los gestores de los medios puedan conocer datos estad\u00edsticos recopilados para mejorar la calidad y experiencia de sus servicios.<\/p>\n<p style=\"text-align: justify;\">Sirven para optimizar la publicidad que mostramos a los usuarios, ofreciendo la que m\u00e1s se ajusta a sus intereses.<\/p>\n<p style=\"text-align: justify;\"><strong>Autorizaci\u00f3n para el uso de cookies<\/strong><\/p>\n<p style=\"text-align: justify;\">En el sitio web aparece un <strong>Aviso de Cookies<\/strong> que el usuario o visitante puede aceptar, consintiendo expresamente al uso de las cookies seg\u00fan se indica a continuaci\u00f3n.<\/p>\n<p style=\"text-align: justify;\">El usuario puede configurar su navegador para rechazar por defecto todas las cookies o para recibir un aviso en pantalla de la recepci\u00f3n de cada cookie y decidir sobre su instalaci\u00f3n o no en su disco duro.<\/p>\n<p style=\"text-align: justify;\">Configuraci\u00f3n del navegador<\/p>\n<p style=\"text-align: justify;\"><strong>BIL-BU MATERIALES DE CONSTRUCCION S.L<\/strong> recuerda a sus usuarios que el uso de cookies podr\u00e1 estar sujeto a su aceptaci\u00f3n durante la instalaci\u00f3n o actualizaci\u00f3n del navegador utilizado por \u00e9stos.<\/p>\n<p style=\"text-align: justify;\">Esta aceptaci\u00f3n podr\u00e1 ser revocada mediante las opciones de configuraci\u00f3n de contenidos y privacidad disponibles en el mismo. El Titular recomienda a sus usuarios que consulten la ayuda de su navegador o acceda a las p\u00e1ginas web de ayuda de los principales navegadores: Firefox, Internet Explorer, Safari, Chrome.<\/p>\n<p style=\"text-align: justify;\">Si desea m\u00e1s informaci\u00f3n acerca de c\u00f3mo revocar el consentimiento prestado o sobre el procedimiento para deshabilitar las cookies, as\u00ed como realizar alguna pregunta sobre la Pol\u00edtica de Cookies, puede contactar con el titular a trav\u00e9s de la siguiente direcci\u00f3n de correo electr\u00f3nico financiero@bilbu.es indicando \u201cPol\u00edtica de Cookies\u201d en el asunto.<\/p>\n<p style=\"text-align: justify;\"><strong>&nbsp;<\/strong><\/p>\n<p style=\"text-align: justify;\"><strong>Tipos de Cookies que se utilizan en la Web<\/strong><\/p>\n<p style=\"text-align: justify;\">El usuario que navega por la Web puede encontrar cookies insertadas directamente por el titular, o bien cookies insertadas por entidades distintas al titular, seg\u00fan lo detallado en los siguientes apartados:<\/p>\n<p style=\"text-align: justify;\"><em>(Indicar los tipos de cookies empleadas)<\/em><\/p>\n<ul style=\"text-align: justify;\">\n<li><strong>Cookies de sesi\u00f3n<\/strong>, expiran cuando el usuario abandona la p\u00e1gina o cierra el navegador, es decir, est\u00e1n activas mientras dura la visita al sitio web y por tanto son borradas de nuestro ordenador al abandonarlo.<\/li>\n<li><strong>Cookies permanentes<\/strong>, expiran cuando se cumple el objetivo para el que sirven o bien cuando se borran manualmente, tienen fecha de borrado y se utilizan normalmente en proceso de compra online, personalizaciones o en el registro, para no tener que introducir una contrase\u00f1a constantemente.<\/li>\n<\/ul>\n<p style=\"text-align: justify;\">Seg\u00fan la entidad que gestiona el equipo o dominio desde donde se env\u00edan las cookies y trata los datos que se obtengan, podemos distinguir entre Cookies propias y de terceros.<\/p>\n<ul style=\"text-align: justify;\">\n<li><strong>Cookies propias<\/strong> son aquellas cookies que son enviadas al ordenador del usuario y son gestionadas exclusivamente por nosotros para el mejor funcionamiento del Sitio Web. La informaci\u00f3n que recabamos se emplea para mejorar la calidad de nuestro servicio y tu experiencia como usuario.<\/li>\n<li><strong>Cookies de terceros, <\/strong>cuando el usuario interact\u00faa con el contenido de nuestro sitio Web tambi\u00e9n pueden establecerse cookies de terceros (por ejemplo, al pulsar botones de redes sociales o visionar v\u00eddeos alojados en otro sitio web), que son aquellas establecidas por un dominio diferente de nuestro Sitio Web. No podemos acceder a los datos almacenados en las cookies de otros sitios web cuando navegues en los citados sitios web.<\/li>\n<\/ul>\n<p style=\"text-align: justify;\">Navegar por este portal web supone que se puedan instalar los siguientes tipos de Cookies:<\/p>\n<table width=\"90%\">\n<tbody>\n<tr>\n<td width=\"198\"><strong>TIPO DE COOKIE<\/strong><\/p>\n<p>&nbsp;<\/td>\n<td width=\"397\"><strong>DESCRIPCION<\/strong><\/td>\n<td width=\"416\"><strong>EJEMPLO DE USO<\/strong><\/td>\n<\/tr>\n<tr>\n<td width=\"198\"><strong>&nbsp;<\/strong><\/p>\n<p><strong>DE RENDIMIENTO<\/strong><\/td>\n<td width=\"397\">Estas cookies se utilizan para mejorar tu experiencia de navegaci\u00f3n y optimizar el funcionamiento de nuestros sitios web.<\/p>\n<p>Almacenan configuraciones de servicios para que no tengas que reconfigurarlos cada vez que nos visitas.<\/td>\n<td width=\"416\">&#8211;&nbsp; Ajustes de volumen de reproductores de video y sonido.<\/p>\n<p>&#8211;&nbsp; Velocidades de trasmisi\u00f3n de videos \u00f3ptimas.<\/p>\n<p>&#8211;&nbsp; Almacena la compra realizada en un \u201ccarrito de la compra\u201d en los servicios E-commerce.<\/td>\n<\/tr>\n<tr>\n<td width=\"198\"><strong>&nbsp;<\/strong><\/p>\n<p><strong>DE GEOLOCALIZACION<\/strong><\/td>\n<td width=\"397\">Estas cookies se utilizan para almacenar datos de geolocalizacion del ordenador o dispositivos para ofrecerte contenidos y servicios m\u00e1s adecuados.<\/td>\n<td width=\"416\">&#8211;&nbsp; Contenidos ajustados al pa\u00eds, ciudad, idioma, etc.<\/td>\n<\/tr>\n<tr>\n<td width=\"198\"><strong>&nbsp;<\/strong><\/p>\n<p><strong>DE REGISTRO<\/strong><\/td>\n<td width=\"397\">&nbsp;<\/p>\n<p>Las cookies de registro se crean al registrarte o cuando inicias sesi\u00f3n en uno de nuestros portales web.<\/td>\n<td width=\"416\">&#8211;&nbsp; Puedes mantenerte autenticado aunque cierres el navegador, as\u00ed cuando vuelvas seguir\u00e1s identificado a menos que te desconectes o cierres la sesi\u00f3n.<\/p>\n<p>&#8211;&nbsp; Para acceder a ciertas zonas de nuestros portales web, por ejemplo para participar en un concurso.<\/td>\n<\/tr>\n<tr>\n<td width=\"198\"><strong>&nbsp;<\/strong><\/p>\n<p><strong>ANALITICAS<\/strong><\/td>\n<td width=\"397\">Estas cookies recopilan informaci\u00f3n de tu experiencia de navegaci\u00f3n en nuestros portales web de forma totalmente an\u00f3nima<\/td>\n<td width=\"416\">&#8211;&nbsp; Podemos contabilizar el n\u00famero de visitantes<\/p>\n<p>&#8211;&nbsp; Podemos saber si el usuario repite visita<\/p>\n<p>&#8211;&nbsp; Esta informaci\u00f3n puede ayudarnos&nbsp; a mejorar la navegaci\u00f3n y mejorar el servicio<\/td>\n<\/tr>\n<tr>\n<td width=\"198\"><strong>&nbsp;<\/strong><\/p>\n<p><strong>DE PUBLICIDAD<\/strong><\/p>\n<p><strong>&nbsp;<\/strong><\/p>\n<p><strong>&nbsp;<\/strong><\/td>\n<td width=\"397\">Estas cookies recogen informaci\u00f3n sobre los anuncios mostrados a cada usuario an\u00f3nimo en los portales web<\/td>\n<td width=\"416\">&#8211;&nbsp; Adaptar la publicidad al tipo de dispositivo desde el que el usuario se est\u00e1 conectando.<\/p>\n<p>&#8211;&nbsp; Proporcionar anuncios gestionados a trav\u00e9s de terceros que son mostrados en la p\u00e1gina en tiempo real<\/td>\n<\/tr>\n<\/tbody>\n<\/table>\n<p>[\/vc_column_text][\/vc_column][\/vc_row]<\/p>\n<!-- AddThis Advanced Settings generic via filter on the_content --><!-- AddThis Share Buttons generic via filter on the_content -->","protected":false},"excerpt":{"rendered":"<p>[vc_row][vc_column css=\u00bb.vc_custom_1544703680186{margin-right: 50px !important;margin-left: 50px !important;}\u00bb][vc_column_text] Pol\u00edtica de Cookies Concepto de Cookies Las cookies constituyen una herramienta empleada por los&#8230;<!-- AddThis Advanced Settings generic via filter on get_the_excerpt --><!-- AddThis Share Buttons generic via filter on get_the_excerpt --><\/p>\n","protected":false},"author":1,"featured_media":0,"parent":0,"menu_order":0,"comment_status":"closed","ping_status":"closed","template":"","meta":{"ngg_post_thumbnail":0},"_links":{"self":[{"href":"https:\/\/www.grupobilbu.es\/grupo-bilbu\/wp-json\/wp\/v2\/pages\/4697"}],"collection":[{"href":"https:\/\/www.grupobilbu.es\/grupo-bilbu\/wp-json\/wp\/v2\/pages"}],"about":[{"href":"https:\/\/www.grupobilbu.es\/grupo-bilbu\/wp-json\/wp\/v2\/types\/page"}],"author":[{"embeddable":true,"href":"https:\/\/www.grupobilbu.es\/grupo-bilbu\/wp-json\/wp\/v2\/users\/1"}],"replies":[{"embeddable":true,"href":"https:\/\/www.grupobilbu.es\/grupo-bilbu\/wp-json\/wp\/v2\/comments?post=4697"}],"version-history":[{"count":9,"href":"https:\/\/www.grupobilbu.es\/grupo-bilbu\/wp-json\/wp\/v2\/pages\/4697\/revisions"}],"predecessor-version":[{"id":8173,"href":"https:\/\/www.grupobilbu.es\/grupo-bilbu\/wp-json\/wp\/v2\/pages\/4697\/revisions\/8173"}],"wp:attachment":[{"href":"https:\/\/www.grupobilbu.es\/grupo-bilbu\/wp-json\/wp\/v2\/media?parent=4697"}],"curies":[{"name":"wp","href":"https:\/\/api.w.org\/{rel}","templated":true}]}}