{"id":4682,"date":"2018-12-13T12:01:08","date_gmt":"2018-12-13T12:01:08","guid":{"rendered":"http:\/\/www.grupobilbu.es\/?page_id=4682"},"modified":"2019-11-19T12:16:40","modified_gmt":"2019-11-19T12:16:40","slug":"aviso-legal","status":"publish","type":"page","link":"https:\/\/www.grupobilbu.es\/grupo-bilbu\/aviso-legal\/","title":{"rendered":"Aviso Legal"},"content":{"rendered":"<p>[vc_row css=\u00bb.vc_custom_1544703260295{margin-right: 50px !important;margin-left: 50px !important;}\u00bb][vc_column][vc_column_text]<\/p>\n<h1>Aviso Legal<\/h1>\n<p>&nbsp;<\/p>\n<div style=\"text-align: justify;\">1.- Esta p\u00e1gina Web es titularidad de BILBU MATERIALES DE CONSTRUCCION S.L&nbsp;&nbsp;<\/div>\n<div style=\"text-align: justify;\">&nbsp;<\/div>\n<div style=\"text-align: justify;\"><span style=\"color: #333333;\">\u2022 CIF: B95448839&nbsp;<\/span><\/div>\n<div style=\"text-align: justify;\"><span style=\"color: #333333;\">\u2022 Domicilio social: BARRIO BOROA S\/N, 48340 AMOREBIETA-BIZKAIA<\/span><\/div>\n<div style=\"text-align: justify;\"><span style=\"color: #333333;\">\u2022 Direcci\u00f3n de correo electr\u00f3nico: financiero@bilbu.es<\/span><\/div>\n<div style=\"text-align: justify;\"><span style=\"color: #333333;\">\u2022 Tel\u00e9fono: (+34)&nbsp; 946731158<\/span><\/div>\n<div style=\"text-align: justify;\">&nbsp;<\/div>\n<div style=\"text-align: justify;\">2.- La utilizaci\u00f3n de esta p\u00e1gina Web atribuye la condici\u00f3n de Usuario a quien lo haga e implica la aceptaci\u00f3n de todas las condiciones incluidas en este Aviso Legal. El Usuario deber\u00e1 leer estas condiciones cada vez que acceda a esta Web, ya que pueden ser modificadas en lo sucesivo. Algunos aspectos de esta p\u00e1gina Web, por su especialidad, pueden estar sujetos a condiciones o reglas particulares que pueden sustituir, completar o modificar este Aviso Legal, por lo que tambi\u00e9n deben ser aceptadas por el Usuario que los utilice o acceda a ellos.<\/div>\n<div style=\"text-align: justify;\">&nbsp;<\/div>\n<div style=\"text-align: justify;\">3.- Todos los contenidos de esta Web (textos, fotograf\u00edas, gr\u00e1ficos, im\u00e1genes, tecnolog\u00eda, software, links, contenidos audiovisuales o sonoros, dise\u00f1o gr\u00e1fico, c\u00f3digo fuente, etc.), as\u00ed como las marcas y dem\u00e1s signos distintivos son propiedad de BIL-BU MATERIALES DE CONSTRUCCION S.L&nbsp; &nbsp;o de terceros, no adquiriendo el Usuario ning\u00fan derecho sobre ellos por el mero uso de esta Web.<\/div>\n<div style=\"text-align: justify;\">&nbsp;<\/div>\n<div style=\"text-align: justify;\">El Usuario, deber\u00e1 abstenerse de: a) reproducir, copiar, distribuir, poner a disposici\u00f3n de terceros, comunicar p\u00fablicamente, transformar o modificar los contenidos de esta Web, salvo en los casos contemplados en la ley o expresamente autorizados por BIL-BU MATERIALES DE CONSTRUCCION S.L&nbsp; &nbsp;o por el titular de dichos derechos; b) reproducir o copiar para uso privado el software, las im\u00e1genes, los videos o las bases de datos existentes en esta Web, as\u00ed como comunicarlos p\u00fablicamente o ponerlos a disposici\u00f3n de terceros cuando ello conlleve su reproducci\u00f3n; c) extraer o reutilizar los contenidos integrantes de esta Web.<\/div>\n<div style=\"text-align: justify;\">&nbsp;<\/div>\n<div style=\"text-align: justify;\">4.- El Usuario que quiera introducir enlaces a esta Web desde sus propias p\u00e1ginas Web estar\u00e1 obligado a cumplir las condiciones siguientes: a) el enlace \u00fanicamente vincular\u00e1 con la home page, no pudiendo reproducirla de ninguna forma; b) no podr\u00e1n establecerse frames o marcos de cualquier tipo que rodeen la Web o permitan visualizarla a trav\u00e9s de direcciones de Internet distintas o conjuntamente con contenidos ajenos a esta Web, de forma que produzca, o pueda producir, error o confusi\u00f3n en los Usuarios sobre la procedencia del servicio o su contenido, implique un acto de comparaci\u00f3n o imitaci\u00f3n desleal, sirva para aprovechar la reputaci\u00f3n, marca y prestigio de BIL-BU MATERIALES DE CONSTRUCCION S.L o se haga de cualquier otro modo que est\u00e9 prohibido por la Ley; c)&nbsp; desde la p\u00e1gina que realice el enlace no podr\u00e1 efectuarse ning\u00fan tipo de manifestaci\u00f3n falsa o inexacta sobre BIL-BU MATERIALES DE CONSTRUCCION S.L&nbsp; &nbsp;o sobre la calidad de sus productos y servicios; d) El remitente no podr\u00e1 utilizar la marca o cualquier otro signo distintivo de BIL-BU MATERIALES DE CONSTRUCCION S.L&nbsp; &nbsp;dentro de su p\u00e1gina Web, salvo en los casos autorizados por la ley o permitidos expresamente por BIL-BU MATERIALES DE CONSTRUCCION S.L&nbsp; &nbsp;; e)&nbsp; la p\u00e1gina que establezca el enlace deber\u00e1 observar la legalidad vigente y no podr\u00e1 disponer de o enlazar con contenidos il\u00edcitos, nocivos, contrarios a la moral y a las buenas costumbres, que produzcan o puedan producir la falsa idea de qu\u00e9 BIL-BU MATERIALES DE CONSTRUCCION S.L&nbsp; &nbsp;respalda o apoya, las ideas, manifestaciones o actuaciones del remitente o que resulten inadecuados en relaci\u00f3n con la actividad desarrollada por BIL-BU MATERIALES DE CONSTRUCCION S.L&nbsp; &nbsp;, teniendo en cuenta los contenidos y la tem\u00e1tica general de la p\u00e1gina Web donde se establezca el enlace.<\/div>\n<div style=\"text-align: justify;\">&nbsp;<\/div>\n<div style=\"text-align: justify;\">5.- BIL-BU MATERIALES DE CONSTRUCCION S.L&nbsp; &nbsp;no es responsable de controlar que en esta Web no existan programas maliciosos o cualquier otro elemento inform\u00e1tico da\u00f1ino. Corresponde al Usuario, en todo caso, disponer de herramientas adecuadas para la detecci\u00f3n y desinfecci\u00f3n de estos elementos. De acuerdo con ello, BIL-BU MATERIALES DE CONSTRUCCION S.L&nbsp; &nbsp;no se responsabiliza de los da\u00f1os producidos a equipos inform\u00e1ticos durante el acceso a la presente Web. Igualmente, BIL-BU MATERIALES DE CONSTRUCCION S.L&nbsp; &nbsp;no ser\u00e1 responsable de los da\u00f1os producidos a los Usuarios cuando dichos da\u00f1os tengan su origen en fallos o desconexiones en las redes de telecomunicaciones que interrumpan el servicio de esta Web.<\/div>\n<div style=\"text-align: justify;\">&nbsp;<\/div>\n<div style=\"text-align: justify;\">6.- Esta Web puede incluir enlaces que permiten al Usuario acceder a otras p\u00e1ginas de Internet. En estos casos, BIL-BU MATERIALES DE CONSTRUCCION S.L&nbsp; &nbsp;s\u00f3lo ser\u00e1 responsable de los contenidos y servicios suministrados a trav\u00e9s de los enlaces en cuanto conozca su ilicitud y no los haya desactivado diligentemente. Si un Usuario considerase que existe un enlace con contenidos il\u00edcitos o inadecuados, podr\u00e1 indic\u00e1rselo a BIL-BU MATERIALES DE CONSTRUCCION S.L, sin que ello suponga que este quede obligado por ello a retirar el correspondiente enlace. BIL-BU MATERIALES DE CONSTRUCCION S.L&nbsp; &nbsp;no siempre conoce los contenidos y servicios de los enlaces y por tanto no se hace responsable por los da\u00f1os derivados de su falta de calidad, desactualizaci\u00f3n, indisponibilidad, error, inutilidad o ilegalidad y no responde de las manifestaciones realizadas o de los contenidos o servicios proporcionados a trav\u00e9s de ellos, salvo que sea directamente responsable de la prestaci\u00f3n de dichos servicios.<\/div>\n<div style=\"text-align: justify;\">&nbsp;<\/div>\n<div style=\"text-align: justify;\">7.- El Usuario se compromete a hacer un uso correcto de esta Web de conformidad con la Ley, con el presente Aviso Legal y con las dem\u00e1s condiciones, reglamentos e instrucciones que, en su caso, pudieran ser de aplicaci\u00f3n. El Usuario responder\u00e1 frente a BIL-BU MATERIALES DE CONSTRUCCION S.L&nbsp; &nbsp;y frente a terceros de cualesquiera da\u00f1os o perjuicios que pudieran causarse por incumplimiento de estas obligaciones.<\/div>\n<div style=\"text-align: justify;\">&nbsp;<\/div>\n<div style=\"text-align: justify;\">8.- El presente Aviso Legal se rige \u00edntegramente por la legislaci\u00f3n espa\u00f1ola. Para la resoluci\u00f3n de cualquier conflicto relativo a la interpretaci\u00f3n o aplicaci\u00f3n de este Aviso Legal, el Usuario se somete expresamente a la jurisdicci\u00f3n de los tribunales en donde est\u00e9 domiciliada BIL-BU MATERIALES DE CONSTRUCCION S.L.<\/div>\n<p>[\/vc_column_text][\/vc_column][\/vc_row]<\/p>\n<!-- AddThis Advanced Settings generic via filter on the_content --><!-- AddThis Share Buttons generic via filter on the_content -->","protected":false},"excerpt":{"rendered":"<p>[vc_row css=\u00bb.vc_custom_1544703260295{margin-right: 50px !important;margin-left: 50px !important;}\u00bb][vc_column][vc_column_text] Aviso Legal &nbsp; 1.- Esta p\u00e1gina Web es titularidad de BILBU MATERIALES DE CONSTRUCCION&#8230;<!-- AddThis Advanced Settings generic via filter on get_the_excerpt --><!-- AddThis Share Buttons generic via filter on get_the_excerpt --><\/p>\n","protected":false},"author":1,"featured_media":0,"parent":0,"menu_order":0,"comment_status":"closed","ping_status":"closed","template":"","meta":{"ngg_post_thumbnail":0},"_links":{"self":[{"href":"https:\/\/www.grupobilbu.es\/grupo-bilbu\/wp-json\/wp\/v2\/pages\/4682"}],"collection":[{"href":"https:\/\/www.grupobilbu.es\/grupo-bilbu\/wp-json\/wp\/v2\/pages"}],"about":[{"href":"https:\/\/www.grupobilbu.es\/grupo-bilbu\/wp-json\/wp\/v2\/types\/page"}],"author":[{"embeddable":true,"href":"https:\/\/www.grupobilbu.es\/grupo-bilbu\/wp-json\/wp\/v2\/users\/1"}],"replies":[{"embeddable":true,"href":"https:\/\/www.grupobilbu.es\/grupo-bilbu\/wp-json\/wp\/v2\/comments?post=4682"}],"version-history":[{"count":8,"href":"https:\/\/www.grupobilbu.es\/grupo-bilbu\/wp-json\/wp\/v2\/pages\/4682\/revisions"}],"predecessor-version":[{"id":5813,"href":"https:\/\/www.grupobilbu.es\/grupo-bilbu\/wp-json\/wp\/v2\/pages\/4682\/revisions\/5813"}],"wp:attachment":[{"href":"https:\/\/www.grupobilbu.es\/grupo-bilbu\/wp-json\/wp\/v2\/media?parent=4682"}],"curies":[{"name":"wp","href":"https:\/\/api.w.org\/{rel}","templated":true}]}}